{"id":100070,"date":"2025-11-27T19:23:29","date_gmt":"2025-11-28T01:23:29","guid":{"rendered":"https:\/\/karleton.com.mx\/a\/?page_id=100070"},"modified":"2025-12-10T11:13:56","modified_gmt":"2025-12-10T17:13:56","slug":"club-instalador-karleton","status":"publish","type":"page","link":"https:\/\/karleton.com.mx\/a\/club-instalador-karleton\/","title":{"rendered":"Club Instalador Karleton"},"content":{"rendered":"<p>[et_pb_section fb_built=&#8221;1&#8243; admin_label=&#8221;Section Header&#8221; _builder_version=&#8221;4.27.4&#8243; _module_preset=&#8221;default&#8221; custom_padding=&#8221;0px||0px||true|false&#8221; locked=&#8221;off&#8221; collapsed=&#8221;on&#8221; global_colors_info=&#8221;{}&#8221; theme_builder_area=&#8221;post_content&#8221;][et_pb_row make_equal=&#8221;on&#8221; _builder_version=&#8221;4.27.5&#8243; _module_preset=&#8221;default&#8221; use_background_color_gradient=&#8221;on&#8221; background_color_gradient_stops=&#8221;rgba(0,0,0,0.6) 0%|rgba(0,0,0,0.9) 99%&#8221; background_color_gradient_overlays_image=&#8221;on&#8221; background_image=&#8221;https:\/\/karleton.com.mx\/a\/wp-content\/uploads\/2025\/11\/05-a-services-instaladores-karleton-puertas-ventanas-pvc-aluminio.jpg&#8221; parallax=&#8221;on&#8221; width=&#8221;100%&#8221; width_tablet=&#8221;100%&#8221; width_phone=&#8221;&#8221; width_last_edited=&#8221;on|phone&#8221; max_width=&#8221;100%&#8221; max_width_tablet=&#8221;100%&#8221; max_width_phone=&#8221;100%&#8221; min_height=&#8221;40vh&#8221; min_height_tablet=&#8221;35vh&#8221; min_height_phone=&#8221;45vh&#8221; min_height_last_edited=&#8221;on|tablet&#8221; custom_margin=&#8221;0px||0px||true|false&#8221; custom_padding=&#8221;100px|10%||10%|false|true&#8221; hover_enabled=&#8221;0&#8243; custom_css_main_element=&#8221;display: flex;||align-items: flex-end;&#8221; global_colors_info=&#8221;{}&#8221; theme_builder_area=&#8221;post_content&#8221; title_text=&#8221;05-a-services-instaladores-karleton-puertas-ventanas-pvc-aluminio&#8221; sticky_enabled=&#8221;0&#8243;][et_pb_column type=&#8221;4_4&#8243; _builder_version=&#8221;4.23.1&#8243; _module_preset=&#8221;default&#8221; global_colors_info=&#8221;{}&#8221; theme_builder_area=&#8221;post_content&#8221;][et_pb_text admin_label=&#8221;Page Title&#8221; _builder_version=&#8221;4.27.4&#8243; _dynamic_attributes=&#8221;content&#8221; _module_preset=&#8221;default&#8221; header_font=&#8221;|600|||||||&#8221; header_text_color=&#8221;#FFFFFF&#8221; header_font_size=&#8221;70px&#8221; custom_margin=&#8221;||5px||false|false&#8221; header_font_size_tablet=&#8221;45px&#8221; global_colors_info=&#8221;{}&#8221; theme_builder_area=&#8221;post_content&#8221;]@ET-DC@eyJkeW5hbWljIjp0cnVlLCJjb250ZW50IjoicG9zdF90aXRsZSIsInNldHRpbmdzIjp7ImJlZm9yZSI6IjxoMT4iLCJhZnRlciI6IjwvaDE+In19@[\/et_pb_text][et_pb_text _builder_version=&#8221;4.27.5&#8243; _module_preset=&#8221;default&#8221; header_3_font_size=&#8221;25px&#8221; hover_enabled=&#8221;0&#8243; header_3_font_size_last_edited=&#8221;off|desktop&#8221; global_colors_info=&#8221;{}&#8221; theme_builder_area=&#8221;post_content&#8221; sticky_enabled=&#8221;0&#8243;]<\/p>\n<h3>Red Nacional de Expertos<\/h3>\n<p>[\/et_pb_text][\/et_pb_column][\/et_pb_row][\/et_pb_section][et_pb_section fb_built=&#8221;1&#8243; _builder_version=&#8221;4.27.5&#8243; _module_preset=&#8221;default&#8221; global_colors_info=&#8221;{}&#8221; theme_builder_area=&#8221;post_content&#8221;][et_pb_row column_structure=&#8221;2_5,3_5&#8243; _builder_version=&#8221;4.27.5&#8243; _module_preset=&#8221;default&#8221; global_colors_info=&#8221;{}&#8221; theme_builder_area=&#8221;post_content&#8221;][et_pb_column type=&#8221;2_5&#8243; _builder_version=&#8221;4.27.5&#8243; _module_preset=&#8221;default&#8221; global_colors_info=&#8221;{}&#8221; theme_builder_area=&#8221;post_content&#8221;][et_pb_text _builder_version=&#8221;4.27.5&#8243; _module_preset=&#8221;default&#8221; header_2_font_size=&#8221;25px&#8221; header_2_line_height=&#8221;1.1em&#8221; custom_margin=&#8221;0px||30px||false|false&#8221; hover_enabled=&#8221;0&#8243; header_2_font_size_tablet=&#8221;22px&#8221; header_2_font_size_phone=&#8221;20px&#8221; global_colors_info=&#8221;{}&#8221; theme_builder_area=&#8221;post_content&#8221; sticky_enabled=&#8221;0&#8243;]<\/p>\n<h2>Certifica tu Talento y Haz Crecer tu Negocio<\/h2>\n<p>\u00danete a la red de profesionales de \u00e9lite, accede a proyectos de alto nivel y obt\u00e9n el respaldo de la marca l\u00edder en PVC y Aluminio.<\/p>\n<p>[\/et_pb_text][et_pb_button button_url=&#8221;@ET-DC@eyJkeW5hbWljIjp0cnVlLCJjb250ZW50IjoicG9zdF9saW5rX3VybF9wYWdlIiwic2V0dGluZ3MiOnsicG9zdF9pZCI6Ijk0MTU1In19@&#8221; button_text=&#8221;Solicita m\u00e1s informaci\u00f3n AQU\u00cd&#8221; _builder_version=&#8221;4.27.5&#8243; _dynamic_attributes=&#8221;button_url&#8221; _module_preset=&#8221;default&#8221; global_colors_info=&#8221;{}&#8221; theme_builder_area=&#8221;post_content&#8221;][\/et_pb_button][\/et_pb_column][et_pb_column type=&#8221;3_5&#8243; _builder_version=&#8221;4.27.5&#8243; _module_preset=&#8221;default&#8221; global_colors_info=&#8221;{}&#8221; theme_builder_area=&#8221;post_content&#8221;][et_pb_blurb title=&#8221;Certificaci\u00f3n Oficial Karleton&#8221; use_icon=&#8221;on&#8221; font_icon=&#8221;&#x52;||divi||400&#8243; icon_color=&#8221;#7CDA24&#8243; content_max_width=&#8221;100%&#8221; _builder_version=&#8221;4.27.5&#8243; _module_preset=&#8221;e68d74c8-a8a0-446e-b03b-c2f5066bce1c&#8221; header_text_color=&#8221;gcid-secondary-color&#8221; custom_margin=&#8221;0px||20px||false|false&#8221; hover_enabled=&#8221;0&#8243; global_colors_info=&#8221;{%22gcid-secondary-color%22:%91%22header_text_color%22%93}&#8221; theme_builder_area=&#8221;post_content&#8221; sticky_enabled=&#8221;0&#8243;]<\/p>\n<p>Capacitaci\u00f3n continua en los sistemas de carpinter\u00eda m\u00e1s avanzados (incluyendo PVC europeo).<\/p>\n<p>[\/et_pb_blurb][et_pb_blurb title=&#8221;Acceso Exclusivo a Proyectos&#8221; use_icon=&#8221;on&#8221; font_icon=&#8221;&#x52;||divi||400&#8243; icon_color=&#8221;#7CDA24&#8243; content_max_width=&#8221;100%&#8221; _builder_version=&#8221;4.27.5&#8243; _module_preset=&#8221;e68d74c8-a8a0-446e-b03b-c2f5066bce1c&#8221; header_text_color=&#8221;#414042&#8243; custom_margin=&#8221;0px||20px||false|false&#8221; hover_enabled=&#8221;0&#8243; global_colors_info=&#8221;{}&#8221; theme_builder_area=&#8221;post_content&#8221; sticky_enabled=&#8221;0&#8243;]<\/p>\n<p>Participaci\u00f3n en la asignaci\u00f3n de obras de gran volumen (Constructoras, INFONAVIT\/INVI) y proyectos residenciales premium.<\/p>\n<p>[\/et_pb_blurb][et_pb_blurb title=&#8221;Respaldo de Marca L\u00edder&#8221; use_icon=&#8221;on&#8221; font_icon=&#8221;&#x52;||divi||400&#8243; icon_color=&#8221;#7CDA24&#8243; content_max_width=&#8221;100%&#8221; _builder_version=&#8221;4.27.5&#8243; _module_preset=&#8221;e68d74c8-a8a0-446e-b03b-c2f5066bce1c&#8221; header_text_color=&#8221;#414042&#8243; custom_margin=&#8221;0px||20px||false|false&#8221; hover_enabled=&#8221;0&#8243; global_colors_info=&#8221;{}&#8221; theme_builder_area=&#8221;post_content&#8221; sticky_enabled=&#8221;0&#8243;]<\/p>\n<p>Utiliza el sello de &#8216;Instalador Certificado Karleton&#8217;, aumentando tu credibilidad y tarifa profesional.<\/p>\n<p>[\/et_pb_blurb][et_pb_blurb title=&#8221;Soporte T\u00e9cnico Especializado&#8221; use_icon=&#8221;on&#8221; font_icon=&#8221;&#x52;||divi||400&#8243; icon_color=&#8221;#7CDA24&#8243; content_max_width=&#8221;100%&#8221; _builder_version=&#8221;4.27.5&#8243; _module_preset=&#8221;e68d74c8-a8a0-446e-b03b-c2f5066bce1c&#8221; header_text_color=&#8221;#414042&#8243; custom_margin=&#8221;0px||20px||false|false&#8221; hover_enabled=&#8221;0&#8243; global_colors_info=&#8221;{}&#8221; theme_builder_area=&#8221;post_content&#8221; sticky_enabled=&#8221;0&#8243;]<\/p>\n<p>Asistencia directa y prioritaria en campo para asegurar instalaciones perfectas.<\/p>\n<p>[\/et_pb_blurb][et_pb_blurb title=&#8221;Beneficios Econ\u00f3micos&#8221; use_icon=&#8221;on&#8221; font_icon=&#8221;&#x52;||divi||400&#8243; icon_color=&#8221;#7CDA24&#8243; content_max_width=&#8221;100%&#8221; _builder_version=&#8221;4.27.5&#8243; _module_preset=&#8221;e68d74c8-a8a0-446e-b03b-c2f5066bce1c&#8221; header_text_color=&#8221;#414042&#8243; custom_margin=&#8221;0px||20px||false|false&#8221; hover_enabled=&#8221;0&#8243; global_colors_info=&#8221;{}&#8221; theme_builder_area=&#8221;post_content&#8221; sticky_enabled=&#8221;0&#8243;]<\/p>\n<p>Acceso a descuentos exclusivos en productos, herrajes y material de apoyo log\u00edstico.<\/p>\n<p>[\/et_pb_blurb][\/et_pb_column][\/et_pb_row][et_pb_row column_structure=&#8221;3_5,2_5&#8243; _builder_version=&#8221;4.27.5&#8243; _module_preset=&#8221;default&#8221; custom_margin=&#8221;0px||70px||false|false&#8221; global_colors_info=&#8221;{}&#8221; theme_builder_area=&#8221;post_content&#8221;][et_pb_column type=&#8221;3_5&#8243; _builder_version=&#8221;4.27.5&#8243; _module_preset=&#8221;default&#8221; global_colors_info=&#8221;{}&#8221; theme_builder_area=&#8221;post_content&#8221;][et_pb_text _builder_version=&#8221;4.27.5&#8243; _module_preset=&#8221;default&#8221; hover_enabled=&#8221;0&#8243; global_colors_info=&#8221;{}&#8221; theme_builder_area=&#8221;post_content&#8221; sticky_enabled=&#8221;0&#8243;]<\/p>\n<p>El <strong>Club Instalador Karleton<\/strong> es m\u00e1s que un programa de capacitaci\u00f3n; es una alianza estrat\u00e9gica para profesionales. Sabemos que la calidad de nuestros productos depende directamente de la excelencia en la instalaci\u00f3n. Por ello, buscamos formar una red de expertos que compartan nuestro compromiso con la perfecci\u00f3n.<\/p>\n<p>Al unirte, no solo elevas tu nivel t\u00e9cnico con nuestra formaci\u00f3n especializada, sino que tambi\u00e9n te conviertes en un socio preferente, recibiendo oportunidades de trabajo constantes y de alto valor en toda la Rep\u00fablica Mexicana.<\/p>\n<p>Tu certificaci\u00f3n con Karleton te posiciona inmediatamente en el segmento premium del mercado.<\/p>\n<p>[\/et_pb_text][\/et_pb_column][et_pb_column type=&#8221;2_5&#8243; _builder_version=&#8221;4.27.5&#8243; _module_preset=&#8221;default&#8221; global_colors_info=&#8221;{}&#8221; theme_builder_area=&#8221;post_content&#8221;][et_pb_image src=&#8221;https:\/\/karleton.com.mx\/a\/wp-content\/uploads\/2025\/12\/01-a-side-pic-club-karleton-puertas-ventanas-pvc-aluminio.jpg&#8221; title_text=&#8221;01-a-side-pic-club-karleton-puertas-ventanas-pvc-aluminio&#8221; _builder_version=&#8221;4.27.5&#8243; _module_preset=&#8221;default&#8221; hover_enabled=&#8221;0&#8243; border_radii=&#8221;on|10px|10px|10px|10px&#8221; box_shadow_style=&#8221;preset1&#8243; global_colors_info=&#8221;{}&#8221; theme_builder_area=&#8221;post_content&#8221; sticky_enabled=&#8221;0&#8243;][\/et_pb_image][\/et_pb_column][\/et_pb_row][et_pb_row column_structure=&#8221;1_3,2_3&#8243; _builder_version=&#8221;4.27.5&#8243; _module_preset=&#8221;default&#8221; custom_margin=&#8221;0px||50px||false|false&#8221; global_colors_info=&#8221;{}&#8221; theme_builder_area=&#8221;post_content&#8221;][et_pb_column type=&#8221;1_3&#8243; _builder_version=&#8221;4.27.5&#8243; _module_preset=&#8221;default&#8221; global_colors_info=&#8221;{}&#8221; theme_builder_area=&#8221;post_content&#8221;][et_pb_image src=&#8221;https:\/\/karleton.com.mx\/a\/wp-content\/uploads\/2025\/12\/02-a-side-pic-club-karleton-puertas-ventanas-pvc-aluminio.jpg&#8221; title_text=&#8221;02-a-side-pic-club-karleton-puertas-ventanas-pvc-aluminio&#8221; _builder_version=&#8221;4.27.5&#8243; _module_preset=&#8221;default&#8221; hover_enabled=&#8221;0&#8243; border_radii=&#8221;on|10px|10px|10px|10px&#8221; box_shadow_style=&#8221;preset1&#8243; global_colors_info=&#8221;{}&#8221; theme_builder_area=&#8221;post_content&#8221; sticky_enabled=&#8221;0&#8243;][\/et_pb_image][\/et_pb_column][et_pb_column type=&#8221;2_3&#8243; _builder_version=&#8221;4.27.5&#8243; _module_preset=&#8221;default&#8221; global_colors_info=&#8221;{}&#8221; theme_builder_area=&#8221;post_content&#8221;][et_pb_text _builder_version=&#8221;4.27.5&#8243; _module_preset=&#8221;default&#8221; hover_enabled=&#8221;0&#8243; global_colors_info=&#8221;{}&#8221; theme_builder_area=&#8221;post_content&#8221; sticky_enabled=&#8221;0&#8243;]<\/p>\n<h3>Oportunidades y Requisitos de Certificaci\u00f3n<\/h3>\n<p>Para Karleton, la profesionalizaci\u00f3n es una prioridad. Nuestra metodolog\u00eda de formaci\u00f3n asegura que cada miembro del Club pueda manejar con maestr\u00eda desde una ventana abatible est\u00e1ndar hasta complejos sistemas de canceles elevadores y osciloparalelos.<\/p>\n<p>Si buscas estabilidad, crecimiento y la oportunidad de trabajar en los proyectos m\u00e1s ambiciosos del pa\u00eds, este es tu lugar.<\/p>\n<p>[\/et_pb_text][\/et_pb_column][\/et_pb_row][et_pb_row _builder_version=&#8221;4.27.5&#8243; _module_preset=&#8221;default&#8221; global_colors_info=&#8221;{}&#8221; theme_builder_area=&#8221;post_content&#8221;][et_pb_column type=&#8221;4_4&#8243; _builder_version=&#8221;4.27.5&#8243; _module_preset=&#8221;default&#8221; global_colors_info=&#8221;{}&#8221; theme_builder_area=&#8221;post_content&#8221;][et_pb_accordion open_toggle_text_color=&#8221;gcid-primary-color&#8221; open_toggle_background_color=&#8221;gcid-daf265fb-4a3d-4918-80b5-059b102d956d&#8221; closed_toggle_text_color=&#8221;gcid-secondary-color&#8221; icon_color=&#8221;gcid-primary-color&#8221; use_icon_font_size=&#8221;on&#8221; icon_font_size=&#8221;20px&#8221; _builder_version=&#8221;4.27.5&#8243; _module_preset=&#8221;default&#8221; toggle_text_color=&#8221;gcid-secondary-color&#8221; toggle_font_size=&#8221;18px&#8221; toggle_line_height=&#8221;1.1em&#8221; closed_toggle_font_size=&#8221;18px&#8221; closed_toggle_line_height=&#8221;1.1em&#8221; body_text_color=&#8221;gcid-secondary-color&#8221; body_font_size=&#8221;18px&#8221; body_line_height=&#8221;1.4em&#8221; text_orientation=&#8221;left&#8221; custom_margin=&#8221;0px||0px||false|false&#8221; custom_padding=&#8221;10px||10px||true|false&#8221; hover_enabled=&#8221;0&#8243; global_colors_info=&#8221;{%22gcid-primary-color%22:%91%22icon_color%22,%22open_toggle_text_color%22%93,%22gcid-daf265fb-4a3d-4918-80b5-059b102d956d%22:%91%22open_toggle_background_color%22%93,%22gcid-secondary-color%22:%91%22toggle_text_color%22,%22closed_toggle_text_color%22,%22body_text_color%22%93}&#8221; theme_builder_area=&#8221;post_content&#8221; sticky_enabled=&#8221;0&#8243;][et_pb_accordion_item title=&#8221;\u00bfQu\u00e9 tipo de capacitaci\u00f3n se ofrece en el Club?&#8221; open=&#8221;on&#8221; _builder_version=&#8221;4.27.5&#8243; _module_preset=&#8221;default&#8221; hover_enabled=&#8221;0&#8243; global_colors_info=&#8221;{}&#8221; theme_builder_area=&#8221;post_content&#8221; sticky_enabled=&#8221;0&#8243;]<\/p>\n<p>Ofrecemos m\u00f3dulos de capacitaci\u00f3n te\u00f3ricos y pr\u00e1cticos centrados en el conocimiento profundo de los perfiles de PVC\/Aluminio, t\u00e9cnicas de sellado de alta hermeticidad, ajuste de herrajes de seguridad y m\u00e9todos de instalaci\u00f3n espec\u00edficos para grandes vol\u00famenes y dise\u00f1os complejos.<\/p>\n<p>[\/et_pb_accordion_item][et_pb_accordion_item title=&#8221;\u00bfQu\u00e9 requisitos debo cumplir para ser aceptado en el Club?&#8221; _builder_version=&#8221;4.27.5&#8243; _module_preset=&#8221;default&#8221; hover_enabled=&#8221;0&#8243; global_colors_info=&#8221;{}&#8221; theme_builder_area=&#8221;post_content&#8221; open=&#8221;off&#8221; sticky_enabled=&#8221;0&#8243;]<\/p>\n<p>Requerimos experiencia previa en instalaci\u00f3n (Intermedia o Experta) y un compromiso total con los est\u00e1ndares de calidad y cumplimiento de Karleton. El proceso inicia con la solicitud a trav\u00e9s del formulario y contin\u00faa con una entrevista de validaci\u00f3n de experiencia.<\/p>\n<p>[\/et_pb_accordion_item][et_pb_accordion_item title=&#8221;\u00bfC\u00f3mo me asignan los proyectos?&#8221; _builder_version=&#8221;4.27.5&#8243; _module_preset=&#8221;default&#8221; hover_enabled=&#8221;0&#8243; global_colors_info=&#8221;{}&#8221; theme_builder_area=&#8221;post_content&#8221; open=&#8221;off&#8221; sticky_enabled=&#8221;0&#8243;]<\/p>\n<p>Los proyectos se asignan de manera prioritaria a los miembros activos del Club, bas\u00e1ndose en su ubicaci\u00f3n geogr\u00e1fica, nivel de certificaci\u00f3n y historial de cumplimiento. Los proyectos de constructoras y de alto volumen son gestionados directamente a trav\u00e9s de la coordinaci\u00f3n del Club.<\/p>\n<p>[\/et_pb_accordion_item][\/et_pb_accordion][\/et_pb_column][\/et_pb_row][\/et_pb_section]<\/p>\n","protected":false},"excerpt":{"rendered":"<p>Red Nacional de ExpertosCertifica tu Talento y Haz Crecer tu Negocio \u00danete a la red de profesionales de \u00e9lite, accede a proyectos de alto nivel y obt\u00e9n el respaldo de la marca l\u00edder en PVC y Aluminio.Capacitaci\u00f3n continua en los sistemas de carpinter\u00eda m\u00e1s avanzados (incluyendo PVC europeo).Participaci\u00f3n en la asignaci\u00f3n de obras de gran [&hellip;]<\/p>\n","protected":false},"author":1,"featured_media":0,"parent":0,"menu_order":7,"comment_status":"closed","ping_status":"closed","template":"","meta":{"_acf_changed":false,"_et_pb_use_builder":"on","_et_pb_old_content":"","_et_gb_content_width":"","footnotes":""},"class_list":["post-100070","page","type-page","status-publish","hentry"],"acf":[],"yoast_head":"<!-- This site is optimized with the Yoast SEO plugin v27.5 - https:\/\/yoast.com\/product\/yoast-seo-wordpress\/ -->\n<title>Club Instalador Karleton - Karleton<\/title>\n<meta name=\"robots\" content=\"index, follow, max-snippet:-1, max-image-preview:large, max-video-preview:-1\" \/>\n<link rel=\"canonical\" href=\"https:\/\/karleton.com.mx\/club-instalador-karleton\/\" \/>\n<meta property=\"og:locale\" content=\"en_US\" \/>\n<meta property=\"og:type\" content=\"article\" \/>\n<meta property=\"og:title\" content=\"Club Instalador Karleton - Karleton\" \/>\n<meta property=\"og:description\" content=\"Red Nacional de ExpertosCertifica tu Talento y Haz Crecer tu Negocio \u00danete a la red de profesionales de \u00e9lite, accede a proyectos de alto nivel y obt\u00e9n el respaldo de la marca l\u00edder en PVC y Aluminio.Capacitaci\u00f3n continua en los sistemas de carpinter\u00eda m\u00e1s avanzados (incluyendo PVC europeo).Participaci\u00f3n en la asignaci\u00f3n de obras de gran [&hellip;]\" \/>\n<meta property=\"og:url\" content=\"https:\/\/karleton.com.mx\/club-instalador-karleton\/\" \/>\n<meta property=\"og:site_name\" content=\"Karleton\" \/>\n<meta property=\"article:publisher\" content=\"https:\/\/www.facebook.com\/karletonmx\" \/>\n<meta property=\"article:modified_time\" content=\"2025-12-10T17:13:56+00:00\" \/>\n<meta name=\"twitter:card\" content=\"summary_large_image\" \/>\n<meta name=\"twitter:site\" content=\"@KarletonPVC\" \/>\n<meta name=\"twitter:label1\" content=\"Est. reading time\" \/>\n\t<meta name=\"twitter:data1\" content=\"3 minutes\" \/>\n<script type=\"application\/ld+json\" class=\"yoast-schema-graph\">{\"@context\":\"https:\\\/\\\/schema.org\",\"@graph\":[{\"@type\":\"WebPage\",\"@id\":\"https:\\\/\\\/karleton.com.mx\\\/club-instalador-karleton\\\/\",\"url\":\"https:\\\/\\\/karleton.com.mx\\\/club-instalador-karleton\\\/\",\"name\":\"Club Instalador Karleton - Karleton\",\"isPartOf\":{\"@id\":\"https:\\\/\\\/karleton.com.mx\\\/#website\"},\"datePublished\":\"2025-11-28T01:23:29+00:00\",\"dateModified\":\"2025-12-10T17:13:56+00:00\",\"breadcrumb\":{\"@id\":\"https:\\\/\\\/karleton.com.mx\\\/club-instalador-karleton\\\/#breadcrumb\"},\"inLanguage\":\"en-US\",\"potentialAction\":[{\"@type\":\"ReadAction\",\"target\":[\"https:\\\/\\\/karleton.com.mx\\\/club-instalador-karleton\\\/\"]}]},{\"@type\":\"BreadcrumbList\",\"@id\":\"https:\\\/\\\/karleton.com.mx\\\/club-instalador-karleton\\\/#breadcrumb\",\"itemListElement\":[{\"@type\":\"ListItem\",\"position\":1,\"name\":\"Home\",\"item\":\"https:\\\/\\\/karleton.com.mx\\\/\"},{\"@type\":\"ListItem\",\"position\":2,\"name\":\"Club Instalador Karleton\"}]},{\"@type\":\"WebSite\",\"@id\":\"https:\\\/\\\/karleton.com.mx\\\/#website\",\"url\":\"https:\\\/\\\/karleton.com.mx\\\/\",\"name\":\"Karleton\",\"description\":\"Fabricante de Puertas y Ventanas de PVC y Aluminio\",\"publisher\":{\"@id\":\"https:\\\/\\\/karleton.com.mx\\\/#organization\"},\"potentialAction\":[{\"@type\":\"SearchAction\",\"target\":{\"@type\":\"EntryPoint\",\"urlTemplate\":\"https:\\\/\\\/karleton.com.mx\\\/?s={search_term_string}\"},\"query-input\":{\"@type\":\"PropertyValueSpecification\",\"valueRequired\":true,\"valueName\":\"search_term_string\"}}],\"inLanguage\":\"en-US\"},{\"@type\":\"Organization\",\"@id\":\"https:\\\/\\\/karleton.com.mx\\\/#organization\",\"name\":\"Karleton\",\"url\":\"https:\\\/\\\/karleton.com.mx\\\/\",\"logo\":{\"@type\":\"ImageObject\",\"inLanguage\":\"en-US\",\"@id\":\"https:\\\/\\\/karleton.com.mx\\\/#\\\/schema\\\/logo\\\/image\\\/\",\"url\":\"https:\\\/\\\/karleton.com.mx\\\/a\\\/wp-content\\\/uploads\\\/2025\\\/11\\\/yoast-karleton.jpg\",\"contentUrl\":\"https:\\\/\\\/karleton.com.mx\\\/a\\\/wp-content\\\/uploads\\\/2025\\\/11\\\/yoast-karleton.jpg\",\"width\":1640,\"height\":856,\"caption\":\"Karleton\"},\"image\":{\"@id\":\"https:\\\/\\\/karleton.com.mx\\\/#\\\/schema\\\/logo\\\/image\\\/\"},\"sameAs\":[\"https:\\\/\\\/www.facebook.com\\\/karletonmx\",\"https:\\\/\\\/x.com\\\/KarletonPVC\",\"https:\\\/\\\/www.instagram.com\\\/karletonpvc\"]}]}<\/script>\n<!-- \/ Yoast SEO plugin. -->","yoast_head_json":{"title":"Club Instalador Karleton - Karleton","robots":{"index":"index","follow":"follow","max-snippet":"max-snippet:-1","max-image-preview":"max-image-preview:large","max-video-preview":"max-video-preview:-1"},"canonical":"https:\/\/karleton.com.mx\/club-instalador-karleton\/","og_locale":"en_US","og_type":"article","og_title":"Club Instalador Karleton - Karleton","og_description":"Red Nacional de ExpertosCertifica tu Talento y Haz Crecer tu Negocio \u00danete a la red de profesionales de \u00e9lite, accede a proyectos de alto nivel y obt\u00e9n el respaldo de la marca l\u00edder en PVC y Aluminio.Capacitaci\u00f3n continua en los sistemas de carpinter\u00eda m\u00e1s avanzados (incluyendo PVC europeo).Participaci\u00f3n en la asignaci\u00f3n de obras de gran [&hellip;]","og_url":"https:\/\/karleton.com.mx\/club-instalador-karleton\/","og_site_name":"Karleton","article_publisher":"https:\/\/www.facebook.com\/karletonmx","article_modified_time":"2025-12-10T17:13:56+00:00","twitter_card":"summary_large_image","twitter_site":"@KarletonPVC","twitter_misc":{"Est. reading time":"3 minutes"},"schema":{"@context":"https:\/\/schema.org","@graph":[{"@type":"WebPage","@id":"https:\/\/karleton.com.mx\/club-instalador-karleton\/","url":"https:\/\/karleton.com.mx\/club-instalador-karleton\/","name":"Club Instalador Karleton - Karleton","isPartOf":{"@id":"https:\/\/karleton.com.mx\/#website"},"datePublished":"2025-11-28T01:23:29+00:00","dateModified":"2025-12-10T17:13:56+00:00","breadcrumb":{"@id":"https:\/\/karleton.com.mx\/club-instalador-karleton\/#breadcrumb"},"inLanguage":"en-US","potentialAction":[{"@type":"ReadAction","target":["https:\/\/karleton.com.mx\/club-instalador-karleton\/"]}]},{"@type":"BreadcrumbList","@id":"https:\/\/karleton.com.mx\/club-instalador-karleton\/#breadcrumb","itemListElement":[{"@type":"ListItem","position":1,"name":"Home","item":"https:\/\/karleton.com.mx\/"},{"@type":"ListItem","position":2,"name":"Club Instalador Karleton"}]},{"@type":"WebSite","@id":"https:\/\/karleton.com.mx\/#website","url":"https:\/\/karleton.com.mx\/","name":"Karleton","description":"Fabricante de Puertas y Ventanas de PVC y Aluminio","publisher":{"@id":"https:\/\/karleton.com.mx\/#organization"},"potentialAction":[{"@type":"SearchAction","target":{"@type":"EntryPoint","urlTemplate":"https:\/\/karleton.com.mx\/?s={search_term_string}"},"query-input":{"@type":"PropertyValueSpecification","valueRequired":true,"valueName":"search_term_string"}}],"inLanguage":"en-US"},{"@type":"Organization","@id":"https:\/\/karleton.com.mx\/#organization","name":"Karleton","url":"https:\/\/karleton.com.mx\/","logo":{"@type":"ImageObject","inLanguage":"en-US","@id":"https:\/\/karleton.com.mx\/#\/schema\/logo\/image\/","url":"https:\/\/karleton.com.mx\/a\/wp-content\/uploads\/2025\/11\/yoast-karleton.jpg","contentUrl":"https:\/\/karleton.com.mx\/a\/wp-content\/uploads\/2025\/11\/yoast-karleton.jpg","width":1640,"height":856,"caption":"Karleton"},"image":{"@id":"https:\/\/karleton.com.mx\/#\/schema\/logo\/image\/"},"sameAs":["https:\/\/www.facebook.com\/karletonmx","https:\/\/x.com\/KarletonPVC","https:\/\/www.instagram.com\/karletonpvc"]}]}},"_links":{"self":[{"href":"https:\/\/karleton.com.mx\/a\/wp-json\/wp\/v2\/pages\/100070","targetHints":{"allow":["GET"]}}],"collection":[{"href":"https:\/\/karleton.com.mx\/a\/wp-json\/wp\/v2\/pages"}],"about":[{"href":"https:\/\/karleton.com.mx\/a\/wp-json\/wp\/v2\/types\/page"}],"author":[{"embeddable":true,"href":"https:\/\/karleton.com.mx\/a\/wp-json\/wp\/v2\/users\/1"}],"replies":[{"embeddable":true,"href":"https:\/\/karleton.com.mx\/a\/wp-json\/wp\/v2\/comments?post=100070"}],"version-history":[{"count":2,"href":"https:\/\/karleton.com.mx\/a\/wp-json\/wp\/v2\/pages\/100070\/revisions"}],"predecessor-version":[{"id":100286,"href":"https:\/\/karleton.com.mx\/a\/wp-json\/wp\/v2\/pages\/100070\/revisions\/100286"}],"wp:attachment":[{"href":"https:\/\/karleton.com.mx\/a\/wp-json\/wp\/v2\/media?parent=100070"}],"curies":[{"name":"wp","href":"https:\/\/api.w.org\/{rel}","templated":true}]}}