{"id":100073,"date":"2025-11-27T19:30:57","date_gmt":"2025-11-28T01:30:57","guid":{"rendered":"https:\/\/karleton.com.mx\/a\/?page_id=100073"},"modified":"2025-12-09T10:47:05","modified_gmt":"2025-12-09T16:47:05","slug":"cristales-para-barandales-regaderas-y-domos","status":"publish","type":"page","link":"https:\/\/karleton.com.mx\/a\/accesorios\/cristales-para-barandales-regaderas-y-domos\/","title":{"rendered":"Cristales para barandales, regaderas y domos"},"content":{"rendered":"<p>[et_pb_section fb_built=&#8221;1&#8243; admin_label=&#8221;Section Header&#8221; _builder_version=&#8221;4.27.4&#8243; _module_preset=&#8221;default&#8221; custom_padding=&#8221;0px||0px||true|false&#8221; locked=&#8221;off&#8221; collapsed=&#8221;on&#8221; global_colors_info=&#8221;{}&#8221;][et_pb_row make_equal=&#8221;on&#8221; _builder_version=&#8221;4.27.5&#8243; _module_preset=&#8221;default&#8221; use_background_color_gradient=&#8221;on&#8221; background_color_gradient_stops=&#8221;rgba(0,0,0,0.6) 0%|rgba(0,0,0,0.9) 99%&#8221; background_color_gradient_overlays_image=&#8221;on&#8221; background_image=&#8221;https:\/\/karleton.com.mx\/a\/wp-content\/uploads\/2025\/12\/01-a-hero-accesories-karleton-puertas-ventanas-pvc-aluminio.jpg&#8221; parallax=&#8221;on&#8221; width=&#8221;100%&#8221; width_tablet=&#8221;100%&#8221; width_phone=&#8221;&#8221; width_last_edited=&#8221;on|phone&#8221; max_width=&#8221;100%&#8221; max_width_tablet=&#8221;100%&#8221; max_width_phone=&#8221;100%&#8221; min_height=&#8221;40vh&#8221; min_height_tablet=&#8221;35vh&#8221; min_height_phone=&#8221;45vh&#8221; min_height_last_edited=&#8221;on|tablet&#8221; custom_margin=&#8221;0px||0px||true|false&#8221; custom_padding=&#8221;100px|10%||10%|false|true&#8221; custom_css_main_element=&#8221;display: flex;||align-items: flex-end;&#8221; global_colors_info=&#8221;{}&#8221;][et_pb_column type=&#8221;4_4&#8243; _builder_version=&#8221;4.23.1&#8243; _module_preset=&#8221;default&#8221; global_colors_info=&#8221;{}&#8221;][et_pb_text admin_label=&#8221;Page Title&#8221; _builder_version=&#8221;4.27.5&#8243; _dynamic_attributes=&#8221;content&#8221; _module_preset=&#8221;default&#8221; text_font=&#8221;|700|||||||&#8221; text_text_color=&#8221;#FFFFFF&#8221; text_font_size=&#8221;40px&#8221; header_font=&#8221;|600|||||||&#8221; header_text_color=&#8221;#FFFFFF&#8221; header_font_size=&#8221;70px&#8221; custom_margin=&#8221;||5px||false|false&#8221; text_font_size_tablet=&#8221;35px&#8221; text_font_size_phone=&#8221;30px&#8221; text_font_size_last_edited=&#8221;on|desktop&#8221; header_font_size_tablet=&#8221;45px&#8221; global_colors_info=&#8221;{}&#8221;]@ET-DC@eyJkeW5hbWljIjp0cnVlLCJjb250ZW50IjoicG9zdF90aXRsZSIsInNldHRpbmdzIjp7ImJlZm9yZSI6IiIsImFmdGVyIjoiIn19@[\/et_pb_text][\/et_pb_column][\/et_pb_row][\/et_pb_section][et_pb_section fb_built=&#8221;1&#8243; _builder_version=&#8221;4.27.5&#8243; _module_preset=&#8221;default&#8221; global_colors_info=&#8221;{}&#8221;][et_pb_row _builder_version=&#8221;4.27.5&#8243; _module_preset=&#8221;default&#8221; global_colors_info=&#8221;{}&#8221;][et_pb_column type=&#8221;4_4&#8243; _builder_version=&#8221;4.27.5&#8243; _module_preset=&#8221;default&#8221; global_colors_info=&#8221;{}&#8221;][et_pb_text _builder_version=&#8221;4.27.5&#8243; _module_preset=&#8221;default&#8221; header_2_font_size=&#8221;30px&#8221; custom_margin=&#8221;0px||20px||false|false&#8221; header_2_font_size_tablet=&#8221;25px&#8221; header_2_font_size_phone=&#8221;20px&#8221; global_colors_info=&#8221;{}&#8221;]<\/p>\n<h2>Seguridad y Luz: Soluciones de Cristal Templado y Laminado<\/h2>\n<p>[\/et_pb_text][\/et_pb_column][\/et_pb_row][et_pb_row column_structure=&#8221;2_5,3_5&#8243; _builder_version=&#8221;4.27.5&#8243; _module_preset=&#8221;default&#8221; global_colors_info=&#8221;{}&#8221;][et_pb_column type=&#8221;2_5&#8243; _builder_version=&#8221;4.27.4&#8243; _module_preset=&#8221;default&#8221; global_colors_info=&#8221;{}&#8221;][et_pb_gallery _builder_version=&#8221;4.27.5&#8243; _module_preset=&#8221;default&#8221; gallery_ids=&#8221;100240,100241&#8243; fullwidth=&#8221;on&#8221; border_radii=&#8221;on|10px|10px|10px|10px&#8221; auto=&#8221;on&#8221; auto_speed=&#8221;5000&#8243; background_layout=&#8221;dark&#8221; hover_enabled=&#8221;0&#8243; sticky_enabled=&#8221;0&#8243;][\/et_pb_gallery][\/et_pb_column][et_pb_column type=&#8221;3_5&#8243; _builder_version=&#8221;4.27.4&#8243; _module_preset=&#8221;default&#8221; global_colors_info=&#8221;{}&#8221;][et_pb_text _builder_version=&#8221;4.27.5&#8243; _module_preset=&#8221;default&#8221; custom_margin=&#8221;0px||20px||false|false&#8221; global_colors_info=&#8221;{}&#8221;]<\/p>\n<p><strong>Elegancia, amplitud y m\u00e1xima resistencia para barandales, regaderas y domos.<\/strong><\/p>\n<p>En Karleton, el cristal templado es la clave para un dise\u00f1o moderno y seguro. Utilizamos vidrio de seguridad que, en caso de rotura, se fragmenta en trozos peque\u00f1os y no cortantes (templado) o permanece adherido a una capa intermedia (laminado), garantizando la protecci\u00f3n de los usuarios.<\/p>\n<p>[\/et_pb_text][et_pb_blurb title=&#8221;Barandales&#8221; use_icon=&#8221;on&#8221; font_icon=&#8221;&#x5c;||divi||400&#8243; icon_color=&#8221;#25d366&#8243; icon_placement=&#8221;left&#8221; image_icon_width=&#8221;30px&#8221; _builder_version=&#8221;4.27.5&#8243; _module_preset=&#8221;default&#8221; header_font=&#8221;|700||on|||||&#8221; header_text_align=&#8221;left&#8221; header_line_height=&#8221;1.2em&#8221; body_line_height=&#8221;1.5em&#8221; custom_margin=&#8221;0px||10px||false|false&#8221; custom_padding=&#8221;0px||0px||true|false&#8221; icon_font_size=&#8221;30px&#8221; global_colors_info=&#8221;{}&#8221;]<\/p>\n<p>Creamos cerramientos perimetrales transparentes para balcones y escaleras, que proporcionan vistas despejadas y una est\u00e9tica minimalista.<\/p>\n<p>[\/et_pb_blurb][et_pb_blurb title=&#8221;Canceles para Regadera&#8221; use_icon=&#8221;on&#8221; font_icon=&#8221;&#x5c;||divi||400&#8243; icon_color=&#8221;#25d366&#8243; icon_placement=&#8221;left&#8221; image_icon_width=&#8221;30px&#8221; _builder_version=&#8221;4.27.5&#8243; _module_preset=&#8221;default&#8221; header_font=&#8221;|700||on|||||&#8221; header_text_align=&#8221;left&#8221; header_line_height=&#8221;1.2em&#8221; body_line_height=&#8221;1.5em&#8221; custom_margin=&#8221;0px||10px||false|false&#8221; custom_padding=&#8221;0px||0px||true|false&#8221; icon_font_size=&#8221;30px&#8221; global_colors_info=&#8221;{}&#8221;]<\/p>\n<p>Soluciones a medida con herrajes de acero inoxidable que eliminan la necesidad de cortinas, facilitando la limpieza y promoviendo un ambiente higi\u00e9nico.<\/p>\n<p>[\/et_pb_blurb][et_pb_blurb title=&#8221;Domos&#8221; use_icon=&#8221;on&#8221; font_icon=&#8221;&#x5c;||divi||400&#8243; icon_color=&#8221;#25d366&#8243; icon_placement=&#8221;left&#8221; image_icon_width=&#8221;30px&#8221; _builder_version=&#8221;4.27.5&#8243; _module_preset=&#8221;default&#8221; header_font=&#8221;|700||on|||||&#8221; header_text_align=&#8221;left&#8221; header_line_height=&#8221;1.2em&#8221; body_line_height=&#8221;1.5em&#8221; custom_margin=&#8221;0px||30px||false|false&#8221; custom_padding=&#8221;0px||0px||true|false&#8221; icon_font_size=&#8221;30px&#8221; global_colors_info=&#8221;{}&#8221;]<\/p>\n<p>Aseguramos la m\u00e1xima entrada de luz natural en el interior de tu inmueble con estructuras de cristal seguras y resistentes a la intemperie.<\/p>\n<p>[\/et_pb_blurb][et_pb_button button_url=&#8221;@ET-DC@eyJkeW5hbWljIjp0cnVlLCJjb250ZW50IjoicG9zdF9saW5rX3VybF9wYWdlIiwic2V0dGluZ3MiOnsicG9zdF9pZCI6Ijk0MTU1In19@&#8221; button_text=&#8221;Solicita una Cotizaci\u00f3n&#8221; _builder_version=&#8221;4.27.5&#8243; _dynamic_attributes=&#8221;button_url&#8221; _module_preset=&#8221;default&#8221; global_colors_info=&#8221;{}&#8221;][\/et_pb_button][dipl_button _builder_version=&#8221;4.27.5&#8243; _module_preset=&#8221;default&#8221; global_colors_info=&#8221;{}&#8221;][\/dipl_button][\/et_pb_column][\/et_pb_row][\/et_pb_section]<\/p>\n","protected":false},"excerpt":{"rendered":"<p>Seguridad y Luz: Soluciones de Cristal Templado y LaminadoElegancia, amplitud y m\u00e1xima resistencia para barandales, regaderas y domos. En Karleton, el cristal templado es la clave para un dise\u00f1o moderno y seguro. Utilizamos vidrio de seguridad que, en caso de rotura, se fragmenta en trozos peque\u00f1os y no cortantes (templado) o permanece adherido a una [&hellip;]<\/p>\n","protected":false},"author":1,"featured_media":0,"parent":99975,"menu_order":1,"comment_status":"closed","ping_status":"closed","template":"","meta":{"_acf_changed":false,"_et_pb_use_builder":"on","_et_pb_old_content":"","_et_gb_content_width":"","footnotes":""},"class_list":["post-100073","page","type-page","status-publish","hentry"],"acf":[],"yoast_head":"<!-- This site is optimized with the Yoast SEO plugin v27.5 - https:\/\/yoast.com\/product\/yoast-seo-wordpress\/ -->\n<title>Cristales para barandales, regaderas y domos - Karleton<\/title>\n<meta name=\"robots\" content=\"index, follow, max-snippet:-1, max-image-preview:large, max-video-preview:-1\" \/>\n<link rel=\"canonical\" href=\"https:\/\/karleton.com.mx\/accesorios\/cristales-para-barandales-regaderas-y-domos\/\" \/>\n<meta property=\"og:locale\" content=\"en_US\" \/>\n<meta property=\"og:type\" content=\"article\" \/>\n<meta property=\"og:title\" content=\"Cristales para barandales, regaderas y domos - Karleton\" \/>\n<meta property=\"og:description\" content=\"Seguridad y Luz: Soluciones de Cristal Templado y LaminadoElegancia, amplitud y m\u00e1xima resistencia para barandales, regaderas y domos. En Karleton, el cristal templado es la clave para un dise\u00f1o moderno y seguro. Utilizamos vidrio de seguridad que, en caso de rotura, se fragmenta en trozos peque\u00f1os y no cortantes (templado) o permanece adherido a una [&hellip;]\" \/>\n<meta property=\"og:url\" content=\"https:\/\/karleton.com.mx\/accesorios\/cristales-para-barandales-regaderas-y-domos\/\" \/>\n<meta property=\"og:site_name\" content=\"Karleton\" \/>\n<meta property=\"article:publisher\" content=\"https:\/\/www.facebook.com\/karletonmx\" \/>\n<meta property=\"article:modified_time\" content=\"2025-12-09T16:47:05+00:00\" \/>\n<meta name=\"twitter:card\" content=\"summary_large_image\" \/>\n<meta name=\"twitter:site\" content=\"@KarletonPVC\" \/>\n<meta name=\"twitter:label1\" content=\"Est. reading time\" \/>\n\t<meta name=\"twitter:data1\" content=\"1 minute\" \/>\n<script type=\"application\/ld+json\" class=\"yoast-schema-graph\">{\"@context\":\"https:\\\/\\\/schema.org\",\"@graph\":[{\"@type\":\"WebPage\",\"@id\":\"https:\\\/\\\/karleton.com.mx\\\/accesorios\\\/cristales-para-barandales-regaderas-y-domos\\\/\",\"url\":\"https:\\\/\\\/karleton.com.mx\\\/accesorios\\\/cristales-para-barandales-regaderas-y-domos\\\/\",\"name\":\"Cristales para barandales, regaderas y domos - Karleton\",\"isPartOf\":{\"@id\":\"https:\\\/\\\/karleton.com.mx\\\/#website\"},\"datePublished\":\"2025-11-28T01:30:57+00:00\",\"dateModified\":\"2025-12-09T16:47:05+00:00\",\"breadcrumb\":{\"@id\":\"https:\\\/\\\/karleton.com.mx\\\/accesorios\\\/cristales-para-barandales-regaderas-y-domos\\\/#breadcrumb\"},\"inLanguage\":\"en-US\",\"potentialAction\":[{\"@type\":\"ReadAction\",\"target\":[\"https:\\\/\\\/karleton.com.mx\\\/accesorios\\\/cristales-para-barandales-regaderas-y-domos\\\/\"]}]},{\"@type\":\"BreadcrumbList\",\"@id\":\"https:\\\/\\\/karleton.com.mx\\\/accesorios\\\/cristales-para-barandales-regaderas-y-domos\\\/#breadcrumb\",\"itemListElement\":[{\"@type\":\"ListItem\",\"position\":1,\"name\":\"Home\",\"item\":\"https:\\\/\\\/karleton.com.mx\\\/\"},{\"@type\":\"ListItem\",\"position\":2,\"name\":\"Accesorios\",\"item\":\"https:\\\/\\\/karleton.com.mx\\\/accesorios\\\/\"},{\"@type\":\"ListItem\",\"position\":3,\"name\":\"Cristales para barandales, regaderas y domos\"}]},{\"@type\":\"WebSite\",\"@id\":\"https:\\\/\\\/karleton.com.mx\\\/#website\",\"url\":\"https:\\\/\\\/karleton.com.mx\\\/\",\"name\":\"Karleton\",\"description\":\"Fabricante de Puertas y Ventanas de PVC y Aluminio\",\"publisher\":{\"@id\":\"https:\\\/\\\/karleton.com.mx\\\/#organization\"},\"potentialAction\":[{\"@type\":\"SearchAction\",\"target\":{\"@type\":\"EntryPoint\",\"urlTemplate\":\"https:\\\/\\\/karleton.com.mx\\\/?s={search_term_string}\"},\"query-input\":{\"@type\":\"PropertyValueSpecification\",\"valueRequired\":true,\"valueName\":\"search_term_string\"}}],\"inLanguage\":\"en-US\"},{\"@type\":\"Organization\",\"@id\":\"https:\\\/\\\/karleton.com.mx\\\/#organization\",\"name\":\"Karleton\",\"url\":\"https:\\\/\\\/karleton.com.mx\\\/\",\"logo\":{\"@type\":\"ImageObject\",\"inLanguage\":\"en-US\",\"@id\":\"https:\\\/\\\/karleton.com.mx\\\/#\\\/schema\\\/logo\\\/image\\\/\",\"url\":\"https:\\\/\\\/karleton.com.mx\\\/a\\\/wp-content\\\/uploads\\\/2025\\\/11\\\/yoast-karleton.jpg\",\"contentUrl\":\"https:\\\/\\\/karleton.com.mx\\\/a\\\/wp-content\\\/uploads\\\/2025\\\/11\\\/yoast-karleton.jpg\",\"width\":1640,\"height\":856,\"caption\":\"Karleton\"},\"image\":{\"@id\":\"https:\\\/\\\/karleton.com.mx\\\/#\\\/schema\\\/logo\\\/image\\\/\"},\"sameAs\":[\"https:\\\/\\\/www.facebook.com\\\/karletonmx\",\"https:\\\/\\\/x.com\\\/KarletonPVC\",\"https:\\\/\\\/www.instagram.com\\\/karletonpvc\"]}]}<\/script>\n<!-- \/ Yoast SEO plugin. -->","yoast_head_json":{"title":"Cristales para barandales, regaderas y domos - Karleton","robots":{"index":"index","follow":"follow","max-snippet":"max-snippet:-1","max-image-preview":"max-image-preview:large","max-video-preview":"max-video-preview:-1"},"canonical":"https:\/\/karleton.com.mx\/accesorios\/cristales-para-barandales-regaderas-y-domos\/","og_locale":"en_US","og_type":"article","og_title":"Cristales para barandales, regaderas y domos - Karleton","og_description":"Seguridad y Luz: Soluciones de Cristal Templado y LaminadoElegancia, amplitud y m\u00e1xima resistencia para barandales, regaderas y domos. En Karleton, el cristal templado es la clave para un dise\u00f1o moderno y seguro. Utilizamos vidrio de seguridad que, en caso de rotura, se fragmenta en trozos peque\u00f1os y no cortantes (templado) o permanece adherido a una [&hellip;]","og_url":"https:\/\/karleton.com.mx\/accesorios\/cristales-para-barandales-regaderas-y-domos\/","og_site_name":"Karleton","article_publisher":"https:\/\/www.facebook.com\/karletonmx","article_modified_time":"2025-12-09T16:47:05+00:00","twitter_card":"summary_large_image","twitter_site":"@KarletonPVC","twitter_misc":{"Est. reading time":"1 minute"},"schema":{"@context":"https:\/\/schema.org","@graph":[{"@type":"WebPage","@id":"https:\/\/karleton.com.mx\/accesorios\/cristales-para-barandales-regaderas-y-domos\/","url":"https:\/\/karleton.com.mx\/accesorios\/cristales-para-barandales-regaderas-y-domos\/","name":"Cristales para barandales, regaderas y domos - Karleton","isPartOf":{"@id":"https:\/\/karleton.com.mx\/#website"},"datePublished":"2025-11-28T01:30:57+00:00","dateModified":"2025-12-09T16:47:05+00:00","breadcrumb":{"@id":"https:\/\/karleton.com.mx\/accesorios\/cristales-para-barandales-regaderas-y-domos\/#breadcrumb"},"inLanguage":"en-US","potentialAction":[{"@type":"ReadAction","target":["https:\/\/karleton.com.mx\/accesorios\/cristales-para-barandales-regaderas-y-domos\/"]}]},{"@type":"BreadcrumbList","@id":"https:\/\/karleton.com.mx\/accesorios\/cristales-para-barandales-regaderas-y-domos\/#breadcrumb","itemListElement":[{"@type":"ListItem","position":1,"name":"Home","item":"https:\/\/karleton.com.mx\/"},{"@type":"ListItem","position":2,"name":"Accesorios","item":"https:\/\/karleton.com.mx\/accesorios\/"},{"@type":"ListItem","position":3,"name":"Cristales para barandales, regaderas y domos"}]},{"@type":"WebSite","@id":"https:\/\/karleton.com.mx\/#website","url":"https:\/\/karleton.com.mx\/","name":"Karleton","description":"Fabricante de Puertas y Ventanas de PVC y Aluminio","publisher":{"@id":"https:\/\/karleton.com.mx\/#organization"},"potentialAction":[{"@type":"SearchAction","target":{"@type":"EntryPoint","urlTemplate":"https:\/\/karleton.com.mx\/?s={search_term_string}"},"query-input":{"@type":"PropertyValueSpecification","valueRequired":true,"valueName":"search_term_string"}}],"inLanguage":"en-US"},{"@type":"Organization","@id":"https:\/\/karleton.com.mx\/#organization","name":"Karleton","url":"https:\/\/karleton.com.mx\/","logo":{"@type":"ImageObject","inLanguage":"en-US","@id":"https:\/\/karleton.com.mx\/#\/schema\/logo\/image\/","url":"https:\/\/karleton.com.mx\/a\/wp-content\/uploads\/2025\/11\/yoast-karleton.jpg","contentUrl":"https:\/\/karleton.com.mx\/a\/wp-content\/uploads\/2025\/11\/yoast-karleton.jpg","width":1640,"height":856,"caption":"Karleton"},"image":{"@id":"https:\/\/karleton.com.mx\/#\/schema\/logo\/image\/"},"sameAs":["https:\/\/www.facebook.com\/karletonmx","https:\/\/x.com\/KarletonPVC","https:\/\/www.instagram.com\/karletonpvc"]}]}},"_links":{"self":[{"href":"https:\/\/karleton.com.mx\/a\/wp-json\/wp\/v2\/pages\/100073","targetHints":{"allow":["GET"]}}],"collection":[{"href":"https:\/\/karleton.com.mx\/a\/wp-json\/wp\/v2\/pages"}],"about":[{"href":"https:\/\/karleton.com.mx\/a\/wp-json\/wp\/v2\/types\/page"}],"author":[{"embeddable":true,"href":"https:\/\/karleton.com.mx\/a\/wp-json\/wp\/v2\/users\/1"}],"replies":[{"embeddable":true,"href":"https:\/\/karleton.com.mx\/a\/wp-json\/wp\/v2\/comments?post=100073"}],"version-history":[{"count":4,"href":"https:\/\/karleton.com.mx\/a\/wp-json\/wp\/v2\/pages\/100073\/revisions"}],"predecessor-version":[{"id":100242,"href":"https:\/\/karleton.com.mx\/a\/wp-json\/wp\/v2\/pages\/100073\/revisions\/100242"}],"up":[{"embeddable":true,"href":"https:\/\/karleton.com.mx\/a\/wp-json\/wp\/v2\/pages\/99975"}],"wp:attachment":[{"href":"https:\/\/karleton.com.mx\/a\/wp-json\/wp\/v2\/media?parent=100073"}],"curies":[{"name":"wp","href":"https:\/\/api.w.org\/{rel}","templated":true}]}}