{"id":94947,"date":"2023-11-20T08:09:16","date_gmt":"2023-11-20T08:09:16","guid":{"rendered":"https:\/\/themes.diviplus.io\/architect\/?page_id=99412"},"modified":"2026-04-28T10:41:25","modified_gmt":"2026-04-28T16:41:25","slug":"servicios","status":"publish","type":"page","link":"https:\/\/karleton.com.mx\/a\/servicios\/","title":{"rendered":"Servicios"},"content":{"rendered":"<p>[et_pb_section fb_built=&#8221;1&#8243; admin_label=&#8221;Section Header&#8221; _builder_version=&#8221;4.27.4&#8243; _module_preset=&#8221;default&#8221; custom_padding=&#8221;0px||0px||true|false&#8221; global_module=&#8221;100039&#8243; locked=&#8221;off&#8221; global_colors_info=&#8221;{}&#8221;][et_pb_row make_equal=&#8221;on&#8221; _builder_version=&#8221;4.27.4&#8243; _module_preset=&#8221;default&#8221; use_background_color_gradient=&#8221;on&#8221; background_color_gradient_stops=&#8221;rgba(0,0,0,0.6) 0%|rgba(0,0,0,0.9) 99%&#8221; background_color_gradient_overlays_image=&#8221;on&#8221; background_image=&#8221;https:\/\/karleton.com.mx\/a\/wp-content\/uploads\/2025\/11\/01-a-hero-projects-karleton-puertas-ventanas-pvc-aluminio.jpg&#8221; parallax=&#8221;on&#8221; width=&#8221;100%&#8221; width_tablet=&#8221;100%&#8221; width_phone=&#8221;&#8221; width_last_edited=&#8221;on|phone&#8221; max_width=&#8221;100%&#8221; max_width_tablet=&#8221;100%&#8221; max_width_phone=&#8221;100%&#8221; min_height=&#8221;40vh&#8221; min_height_tablet=&#8221;35vh&#8221; min_height_phone=&#8221;45vh&#8221; min_height_last_edited=&#8221;on|tablet&#8221; custom_margin=&#8221;0px||0px||true|false&#8221; custom_padding=&#8221;100px|10%||10%|false|true&#8221; custom_css_main_element=&#8221;display: flex;||align-items: flex-end;&#8221; global_colors_info=&#8221;{}&#8221;][et_pb_column type=&#8221;4_4&#8243; _builder_version=&#8221;4.23.1&#8243; _module_preset=&#8221;default&#8221; global_colors_info=&#8221;{}&#8221;][et_pb_text admin_label=&#8221;Page Title&#8221; _builder_version=&#8221;4.27.4&#8243; _dynamic_attributes=&#8221;content&#8221; _module_preset=&#8221;default&#8221; header_font=&#8221;|600|||||||&#8221; header_text_color=&#8221;#FFFFFF&#8221; header_font_size=&#8221;70px&#8221; custom_margin=&#8221;||5px||false|false&#8221; header_font_size_tablet=&#8221;45px&#8221; global_colors_info=&#8221;{}&#8221;]@ET-DC@eyJkeW5hbWljIjp0cnVlLCJjb250ZW50IjoicG9zdF90aXRsZSIsInNldHRpbmdzIjp7ImJlZm9yZSI6IjxoMT4iLCJhZnRlciI6IjwvaDE+In19@[\/et_pb_text][dipl_breadcrumb breadcrumb_layout=&#8221;layout2&#8243; separator_color=&#8221;#FFFFFF&#8221; disabled_on=&#8221;on|off|off&#8221; _builder_version=&#8221;4.27.4&#8243; _module_preset=&#8221;default&#8221; global_text_settings_font_size=&#8221;16px&#8221; text_font=&#8221;|600|||||||&#8221; text_text_color=&#8221;#FFFFFF&#8221; text_letter_spacing=&#8221;1px&#8221; link_font=&#8221;||on|||||#FFFFFF|&#8221; link_text_color=&#8221;gcid-primary-color&#8221; global_colors_info=&#8221;{%22gcid-primary-color%22:%91%22link_text_color%22%93}&#8221; link_text_color__hover_enabled=&#8221;on|desktop&#8221; link_text_color__hover=&#8221;#FFFFFF&#8221;][\/dipl_breadcrumb][\/et_pb_column][\/et_pb_row][\/et_pb_section][et_pb_section fb_built=&#8221;1&#8243; _builder_version=&#8221;4.27.4&#8243; _module_preset=&#8221;5a4bb3c7-69c6-43ad-bc46-5c8b1dd3d845&#8243; global_colors_info=&#8221;{}&#8221;][et_pb_row column_structure=&#8221;2_5,3_5&#8243; make_equal=&#8221;on&#8221; custom_padding_last_edited=&#8221;on|tablet&#8221; _builder_version=&#8221;4.27.4&#8243; _module_preset=&#8221;default&#8221; custom_margin=&#8221;0px||40px||false|false&#8221; custom_padding_tablet=&#8221;0px||||false|false&#8221; custom_padding_phone=&#8221;||||false|false&#8221; custom_css_main_element=&#8221;align-items: center;&#8221; global_colors_info=&#8221;{}&#8221;][et_pb_column type=&#8221;2_5&#8243; _builder_version=&#8221;4.23.1&#8243; _module_preset=&#8221;default&#8221; global_colors_info=&#8221;{}&#8221;][et_pb_image src=&#8221;https:\/\/karleton.com.mx\/a\/wp-content\/uploads\/2025\/11\/dpar-mansion-property-living-room-room-interior-design.webp&#8221; title_text=&#8221;dpar-mansion-property-living-room-room-interior-design&#8221; _builder_version=&#8221;4.23.1&#8243; _module_preset=&#8221;default&#8221; global_colors_info=&#8221;{}&#8221;][\/et_pb_image][\/et_pb_column][et_pb_column type=&#8221;3_5&#8243; _builder_version=&#8221;4.23.1&#8243; _module_preset=&#8221;default&#8221; global_colors_info=&#8221;{}&#8221;][et_pb_text _builder_version=&#8221;4.27.6&#8243; _module_preset=&#8221;default&#8221; text_font=&#8221;|700|||||||&#8221; text_text_color=&#8221;gcid-body-color&#8221; text_font_size=&#8221;2vw&#8221; text_line_height=&#8221;1.2em&#8221; header_3_text_color=&#8221;#414042&#8243; text_font_size_tablet=&#8221;3vw&#8221; text_font_size_phone=&#8221;6vw&#8221; text_font_size_last_edited=&#8221;on|desktop&#8221; global_colors_info=&#8221;{%22gcid-body-color%22:%91%22text_text_color%22%93}&#8221;]<\/p>\n<h3>Servicios Residenciales<\/h3>\n<p>(Venta, Instalaci\u00f3n y Remodelaci\u00f3n)<\/p>\n<p>[\/et_pb_text][et_pb_blurb title=&#8221;Soluciones de PVC Residencial: Confort, Aislamiento y Estilo&#8221; content_max_width=&#8221;100%&#8221; _builder_version=&#8221;4.27.4&#8243; _module_preset=&#8221;default&#8221; header_font=&#8221;|600|||||||&#8221; header_font_size=&#8221;24px&#8221; body_font_size=&#8221;18px&#8221; body_letter_spacing=&#8221;1px&#8221; custom_padding=&#8221;20px||||false|false&#8221; custom_padding_tablet=&#8221;20px||||false|false&#8221; custom_padding_phone=&#8221;20px||||false|false&#8221; custom_padding_last_edited=&#8221;off|desktop&#8221; body_font_size_tablet=&#8221;16px&#8221; body_font_size_phone=&#8221;16px&#8221; body_font_size_last_edited=&#8221;on|desktop&#8221; global_colors_info=&#8221;{}&#8221;]<\/p>\n<p>Dise\u00f1amos, fabricamos e instalamos ventanas y puertas que transforman tu hogar en un refugio de paz.<\/p>\n<p>[\/et_pb_blurb][\/et_pb_column][\/et_pb_row][et_pb_row _builder_version=&#8221;4.27.4&#8243; _module_preset=&#8221;default&#8221; global_colors_info=&#8221;{}&#8221;][et_pb_column type=&#8221;4_4&#8243; _builder_version=&#8221;4.27.4&#8243; _module_preset=&#8221;default&#8221; global_colors_info=&#8221;{}&#8221;][et_pb_blurb title=&#8221;Beneficios del PVC Karleton:&#8221; use_icon=&#8221;on&#8221; font_icon=&#8221;&#xf005;||fa||900&#8243; content_max_width=&#8221;100%&#8221; _builder_version=&#8221;4.27.6&#8243; _module_preset=&#8221;default&#8221; header_text_color=&#8221;gcid-secondary-color&#8221; background_color=&#8221;#f7f7f7&#8243; custom_margin=&#8221;0px||30px||false|false&#8221; custom_padding=&#8221;20px|20px|20px|20px|true|true&#8221; hover_enabled=&#8221;0&#8243; border_radii=&#8221;on|3px|3px|3px|3px&#8221; border_width_all=&#8221;1px&#8221; border_color_all=&#8221;#ebebeb&#8221; global_colors_info=&#8221;{%22gcid-secondary-color%22:%91%22header_text_color%22%93}&#8221; sticky_enabled=&#8221;0&#8243;]<\/p>\n<p>Hasta 60% menos ruido | Mejor sellado contra el polvo | Mayor seguridad | Ahorro energ\u00e9tico<\/p>\n<p>[\/et_pb_blurb][et_pb_blurb title=&#8221;Nuestro Proceso:&#8221; use_icon=&#8221;on&#8221; font_icon=&#8221;&#xf005;||fa||900&#8243; content_max_width=&#8221;100%&#8221; _builder_version=&#8221;4.27.4&#8243; _module_preset=&#8221;default&#8221; header_text_color=&#8221;gcid-secondary-color&#8221; background_color=&#8221;#f7f7f7&#8243; custom_margin=&#8221;0px||30px||false|false&#8221; custom_padding=&#8221;20px|20px|20px|20px|true|true&#8221; border_radii=&#8221;on|3px|3px|3px|3px&#8221; border_width_all=&#8221;1px&#8221; border_color_all=&#8221;#ebebeb&#8221; global_colors_info=&#8221;{%22gcid-secondary-color%22:%91%22header_text_color%22%93}&#8221;]<\/p>\n<p>Asesor\u00eda Personalizada \u27a1\ufe0f Dise\u00f1o y Fabricaci\u00f3n a Medida \u27a1\ufe0f Instalaci\u00f3n Certificada \u27a1\ufe0f Garant\u00eda y Seguimiento.<\/p>\n<p>[\/et_pb_blurb][\/et_pb_column][\/et_pb_row][et_pb_row column_structure=&#8221;3_5,2_5&#8243; make_equal=&#8221;on&#8221; custom_padding_last_edited=&#8221;on|phone&#8221; _builder_version=&#8221;4.23.1&#8243; _module_preset=&#8221;default&#8221; custom_padding_tablet=&#8221;||0px||false|false&#8221; custom_padding_phone=&#8221;||0px||false|false&#8221; custom_css_main_element=&#8221;align-items: center;&#8221; global_colors_info=&#8221;{}&#8221; custom_css_main_element_last_edited=&#8221;on|phone&#8221; custom_css_main_element_tablet=&#8221;display: flex;||flex-direction: column-reverse;&#8221; custom_css_main_element_phone=&#8221;display: flex;||flex-direction: column-reverse;&#8221;][et_pb_column type=&#8221;3_5&#8243; _builder_version=&#8221;4.23.1&#8243; _module_preset=&#8221;default&#8221; global_colors_info=&#8221;{}&#8221;][et_pb_text _builder_version=&#8221;4.27.6&#8243; _module_preset=&#8221;default&#8221; text_font=&#8221;|700|||||||&#8221; text_text_color=&#8221;gcid-body-color&#8221; text_font_size=&#8221;2vw&#8221; text_line_height=&#8221;1.2em&#8221; header_3_text_color=&#8221;#414042&#8243; text_font_size_tablet=&#8221;3vw&#8221; text_font_size_phone=&#8221;6vw&#8221; text_font_size_last_edited=&#8221;on|desktop&#8221; global_colors_info=&#8221;{%22gcid-body-color%22:%91%22text_text_color%22%93}&#8221;]<\/p>\n<h3>Servicios para Constructoras<\/h3>\n<p>(INFONAVIT e INVI)<\/p>\n<p>[\/et_pb_text][et_pb_blurb title=&#8221;Karleton para Constructoras: Cumplimiento y Calidad a Gran Escala&#8221; content_max_width=&#8221;100%&#8221; _builder_version=&#8221;4.27.4&#8243; _module_preset=&#8221;default&#8221; header_font=&#8221;|600|||||||&#8221; header_font_size=&#8221;24px&#8221; body_font_size=&#8221;18px&#8221; body_letter_spacing=&#8221;1px&#8221; custom_padding=&#8221;20px||||false|false&#8221; body_font_size_tablet=&#8221;16px&#8221; body_font_size_phone=&#8221;16px&#8221; body_font_size_last_edited=&#8221;on|desktop&#8221; global_colors_info=&#8221;{}&#8221;]<\/p>\n<p>El aliado experto que garantiza la calidad de puertas y ventanas de PVC en desarrollos de vivienda social y masiva.<\/p>\n<p>[\/et_pb_blurb][\/et_pb_column][et_pb_column type=&#8221;2_5&#8243; _builder_version=&#8221;4.23.1&#8243; _module_preset=&#8221;default&#8221; global_colors_info=&#8221;{}&#8221;][et_pb_image src=&#8221;https:\/\/karleton.com.mx\/a\/wp-content\/uploads\/2025\/11\/dpar-architecture-villa-mansion-house-interior-home.webp&#8221; title_text=&#8221;dpar-architecture-villa-mansion-house-interior-home&#8221; align=&#8221;right&#8221; align_tablet=&#8221;left&#8221; align_phone=&#8221;left&#8221; align_last_edited=&#8221;on|phone&#8221; _builder_version=&#8221;4.23.1&#8243; _module_preset=&#8221;default&#8221; global_colors_info=&#8221;{}&#8221;][\/et_pb_image][\/et_pb_column][\/et_pb_row][et_pb_row _builder_version=&#8221;4.27.4&#8243; _module_preset=&#8221;default&#8221; global_colors_info=&#8221;{}&#8221;][et_pb_column type=&#8221;4_4&#8243; _builder_version=&#8221;4.27.4&#8243; _module_preset=&#8221;default&#8221; global_colors_info=&#8221;{}&#8221;][et_pb_blurb title=&#8221;Compromiso Operacional:&#8221; use_icon=&#8221;on&#8221; font_icon=&#8221;&#xf005;||fa||900&#8243; content_max_width=&#8221;100%&#8221; _builder_version=&#8221;4.27.4&#8243; _module_preset=&#8221;default&#8221; header_text_color=&#8221;gcid-secondary-color&#8221; background_color=&#8221;#f7f7f7&#8243; custom_margin=&#8221;0px||30px||false|false&#8221; custom_padding=&#8221;20px|20px|20px|20px|true|true&#8221; border_radii=&#8221;on|3px|3px|3px|3px&#8221; border_width_all=&#8221;1px&#8221; border_color_all=&#8221;#ebebeb&#8221; global_colors_info=&#8221;{%22gcid-secondary-color%22:%91%22header_text_color%22%93}&#8221;]<\/p>\n<p>Alta Capacidad de Producci\u00f3n, Log\u00edstica Eficiente a Nivel Nacional, Tiempos de Entrega Programados, Cumplimiento de Normativas y Calidad INFONAVIT\/INVI.<\/p>\n<p>[\/et_pb_blurb][et_pb_blurb title=&#8221;Propuesta de Valor:&#8221; use_icon=&#8221;on&#8221; font_icon=&#8221;&#xf005;||fa||900&#8243; content_max_width=&#8221;100%&#8221; _builder_version=&#8221;4.27.4&#8243; _module_preset=&#8221;default&#8221; header_text_color=&#8221;gcid-secondary-color&#8221; background_color=&#8221;#f7f7f7&#8243; custom_margin=&#8221;0px||30px||false|false&#8221; custom_padding=&#8221;20px|20px|20px|20px|true|true&#8221; border_radii=&#8221;on|3px|3px|3px|3px&#8221; border_width_all=&#8221;1px&#8221; border_color_all=&#8221;#ebebeb&#8221; global_colors_info=&#8221;{%22gcid-secondary-color%22:%91%22header_text_color%22%93}&#8221;]<\/p>\n<p>Reducci\u00f3n de Costos de Mantenimiento Post-Venta, Durabilidad Comprobada, Asistencia T\u00e9cnica Especializada.<\/p>\n<p>[\/et_pb_blurb][\/et_pb_column][\/et_pb_row][\/et_pb_section]<\/p>\n","protected":false},"excerpt":{"rendered":"<p><div class=\"et_pb_module dipl_breadcrumb dipl_breadcrumb_0\">\n\t\t\t\t\n\t\t\t\t\n\t\t\t\t\n\t\t\t\t\n\t\t\t\t\n\t\t\t\t\n\t\t\t\t<div class=\"et_pb_module_inner\">\n\t\t\t\t\t<div class=\"dipl-breadcrumb-wrapper layout2\">\n\t\t\t\t<ol class=\"dipl-breadcrumb-inner\" vocab=\"https:\/\/schema.org\/\" typeof=\"BreadcrumbList\">\n\t\t\t\t\t<li property=\"itemListElement\" typeof=\"ListItem\" data-icon=\"&#x24;\">\n\t\t\t\t\t\t\t\t<a class=\"breadcrumb-item dipl-home-page\" href=\"https:\/\/karleton.com.mx\/a\" property=\"item\" typeof=\"WebPage\" >\n\t\t\t\t\t\t\t\t\t<span class=\"breadcrumb-page\" property=\"name\">Home<\/span>\n\t\t\t\t\t\t\t\t<\/a>\n\t\t\t\t\t\t\t\t<meta property=\"position\" content=\"1\" \/>\n\t\t\t\t\t\t\t<\/li>\n\t\t\t\t<\/ol>\n\t\t\t<\/div>\n\t\t\t\t<\/div>\n\t\t\t<\/div>Servicios Residenciales (Venta, Instalaci\u00f3n y Remodelaci\u00f3n)Dise\u00f1amos, fabricamos e instalamos ventanas y puertas que transforman tu hogar en un refugio de paz.Hasta 60% menos ruido | Mejor sellado contra el polvo | Mayor seguridad | Ahorro energ\u00e9ticoAsesor\u00eda Personalizada \u27a1\ufe0f Dise\u00f1o y Fabricaci\u00f3n [&hellip;]<\/p>\n","protected":false},"author":1,"featured_media":0,"parent":0,"menu_order":1,"comment_status":"closed","ping_status":"closed","template":"","meta":{"_acf_changed":false,"_et_pb_use_builder":"on","_et_pb_old_content":"","_et_gb_content_width":"","footnotes":""},"class_list":["post-94947","page","type-page","status-publish","hentry"],"acf":[],"yoast_head":"<!-- This site is optimized with the Yoast SEO plugin v27.5 - https:\/\/yoast.com\/product\/yoast-seo-wordpress\/ -->\n<title>Servicios - Karleton<\/title>\n<meta name=\"robots\" content=\"index, follow, max-snippet:-1, max-image-preview:large, max-video-preview:-1\" \/>\n<link rel=\"canonical\" href=\"https:\/\/karleton.com.mx\/servicios\/\" \/>\n<meta property=\"og:locale\" content=\"en_US\" \/>\n<meta property=\"og:type\" content=\"article\" \/>\n<meta property=\"og:title\" content=\"Servicios - Karleton\" \/>\n<meta property=\"og:description\" content=\"Servicios Residenciales (Venta, Instalaci\u00f3n y Remodelaci\u00f3n)Dise\u00f1amos, fabricamos e instalamos ventanas y puertas que transforman tu hogar en un refugio de paz.Hasta 60% menos ruido | Mejor sellado contra el polvo | Mayor seguridad | Ahorro energ\u00e9ticoAsesor\u00eda Personalizada \u27a1\ufe0f Dise\u00f1o y Fabricaci\u00f3n [&hellip;]\" \/>\n<meta property=\"og:url\" content=\"https:\/\/karleton.com.mx\/servicios\/\" \/>\n<meta property=\"og:site_name\" content=\"Karleton\" \/>\n<meta property=\"article:publisher\" content=\"https:\/\/www.facebook.com\/karletonmx\" \/>\n<meta property=\"article:modified_time\" content=\"2026-04-28T16:41:25+00:00\" \/>\n<meta name=\"twitter:card\" content=\"summary_large_image\" \/>\n<meta name=\"twitter:site\" content=\"@KarletonPVC\" \/>\n<meta name=\"twitter:label1\" content=\"Est. reading time\" \/>\n\t<meta name=\"twitter:data1\" content=\"2 minutes\" \/>\n<script type=\"application\/ld+json\" class=\"yoast-schema-graph\">{\"@context\":\"https:\\\/\\\/schema.org\",\"@graph\":[{\"@type\":\"WebPage\",\"@id\":\"https:\\\/\\\/karleton.com.mx\\\/servicios\\\/\",\"url\":\"https:\\\/\\\/karleton.com.mx\\\/servicios\\\/\",\"name\":\"Servicios - Karleton\",\"isPartOf\":{\"@id\":\"https:\\\/\\\/karleton.com.mx\\\/#website\"},\"datePublished\":\"2023-11-20T08:09:16+00:00\",\"dateModified\":\"2026-04-28T16:41:25+00:00\",\"breadcrumb\":{\"@id\":\"https:\\\/\\\/karleton.com.mx\\\/servicios\\\/#breadcrumb\"},\"inLanguage\":\"en-US\",\"potentialAction\":[{\"@type\":\"ReadAction\",\"target\":[\"https:\\\/\\\/karleton.com.mx\\\/servicios\\\/\"]}]},{\"@type\":\"BreadcrumbList\",\"@id\":\"https:\\\/\\\/karleton.com.mx\\\/servicios\\\/#breadcrumb\",\"itemListElement\":[{\"@type\":\"ListItem\",\"position\":1,\"name\":\"Home\",\"item\":\"https:\\\/\\\/karleton.com.mx\\\/\"},{\"@type\":\"ListItem\",\"position\":2,\"name\":\"Servicios\"}]},{\"@type\":\"WebSite\",\"@id\":\"https:\\\/\\\/karleton.com.mx\\\/#website\",\"url\":\"https:\\\/\\\/karleton.com.mx\\\/\",\"name\":\"Karleton\",\"description\":\"Fabricante de Puertas y Ventanas de PVC y Aluminio\",\"publisher\":{\"@id\":\"https:\\\/\\\/karleton.com.mx\\\/#organization\"},\"potentialAction\":[{\"@type\":\"SearchAction\",\"target\":{\"@type\":\"EntryPoint\",\"urlTemplate\":\"https:\\\/\\\/karleton.com.mx\\\/?s={search_term_string}\"},\"query-input\":{\"@type\":\"PropertyValueSpecification\",\"valueRequired\":true,\"valueName\":\"search_term_string\"}}],\"inLanguage\":\"en-US\"},{\"@type\":\"Organization\",\"@id\":\"https:\\\/\\\/karleton.com.mx\\\/#organization\",\"name\":\"Karleton\",\"url\":\"https:\\\/\\\/karleton.com.mx\\\/\",\"logo\":{\"@type\":\"ImageObject\",\"inLanguage\":\"en-US\",\"@id\":\"https:\\\/\\\/karleton.com.mx\\\/#\\\/schema\\\/logo\\\/image\\\/\",\"url\":\"https:\\\/\\\/karleton.com.mx\\\/a\\\/wp-content\\\/uploads\\\/2025\\\/11\\\/yoast-karleton.jpg\",\"contentUrl\":\"https:\\\/\\\/karleton.com.mx\\\/a\\\/wp-content\\\/uploads\\\/2025\\\/11\\\/yoast-karleton.jpg\",\"width\":1640,\"height\":856,\"caption\":\"Karleton\"},\"image\":{\"@id\":\"https:\\\/\\\/karleton.com.mx\\\/#\\\/schema\\\/logo\\\/image\\\/\"},\"sameAs\":[\"https:\\\/\\\/www.facebook.com\\\/karletonmx\",\"https:\\\/\\\/x.com\\\/KarletonPVC\",\"https:\\\/\\\/www.instagram.com\\\/karletonpvc\"]}]}<\/script>\n<!-- \/ Yoast SEO plugin. -->","yoast_head_json":{"title":"Servicios - Karleton","robots":{"index":"index","follow":"follow","max-snippet":"max-snippet:-1","max-image-preview":"max-image-preview:large","max-video-preview":"max-video-preview:-1"},"canonical":"https:\/\/karleton.com.mx\/servicios\/","og_locale":"en_US","og_type":"article","og_title":"Servicios - Karleton","og_description":"Servicios Residenciales (Venta, Instalaci\u00f3n y Remodelaci\u00f3n)Dise\u00f1amos, fabricamos e instalamos ventanas y puertas que transforman tu hogar en un refugio de paz.Hasta 60% menos ruido | Mejor sellado contra el polvo | Mayor seguridad | Ahorro energ\u00e9ticoAsesor\u00eda Personalizada \u27a1\ufe0f Dise\u00f1o y Fabricaci\u00f3n [&hellip;]","og_url":"https:\/\/karleton.com.mx\/servicios\/","og_site_name":"Karleton","article_publisher":"https:\/\/www.facebook.com\/karletonmx","article_modified_time":"2026-04-28T16:41:25+00:00","twitter_card":"summary_large_image","twitter_site":"@KarletonPVC","twitter_misc":{"Est. reading time":"2 minutes"},"schema":{"@context":"https:\/\/schema.org","@graph":[{"@type":"WebPage","@id":"https:\/\/karleton.com.mx\/servicios\/","url":"https:\/\/karleton.com.mx\/servicios\/","name":"Servicios - Karleton","isPartOf":{"@id":"https:\/\/karleton.com.mx\/#website"},"datePublished":"2023-11-20T08:09:16+00:00","dateModified":"2026-04-28T16:41:25+00:00","breadcrumb":{"@id":"https:\/\/karleton.com.mx\/servicios\/#breadcrumb"},"inLanguage":"en-US","potentialAction":[{"@type":"ReadAction","target":["https:\/\/karleton.com.mx\/servicios\/"]}]},{"@type":"BreadcrumbList","@id":"https:\/\/karleton.com.mx\/servicios\/#breadcrumb","itemListElement":[{"@type":"ListItem","position":1,"name":"Home","item":"https:\/\/karleton.com.mx\/"},{"@type":"ListItem","position":2,"name":"Servicios"}]},{"@type":"WebSite","@id":"https:\/\/karleton.com.mx\/#website","url":"https:\/\/karleton.com.mx\/","name":"Karleton","description":"Fabricante de Puertas y Ventanas de PVC y Aluminio","publisher":{"@id":"https:\/\/karleton.com.mx\/#organization"},"potentialAction":[{"@type":"SearchAction","target":{"@type":"EntryPoint","urlTemplate":"https:\/\/karleton.com.mx\/?s={search_term_string}"},"query-input":{"@type":"PropertyValueSpecification","valueRequired":true,"valueName":"search_term_string"}}],"inLanguage":"en-US"},{"@type":"Organization","@id":"https:\/\/karleton.com.mx\/#organization","name":"Karleton","url":"https:\/\/karleton.com.mx\/","logo":{"@type":"ImageObject","inLanguage":"en-US","@id":"https:\/\/karleton.com.mx\/#\/schema\/logo\/image\/","url":"https:\/\/karleton.com.mx\/a\/wp-content\/uploads\/2025\/11\/yoast-karleton.jpg","contentUrl":"https:\/\/karleton.com.mx\/a\/wp-content\/uploads\/2025\/11\/yoast-karleton.jpg","width":1640,"height":856,"caption":"Karleton"},"image":{"@id":"https:\/\/karleton.com.mx\/#\/schema\/logo\/image\/"},"sameAs":["https:\/\/www.facebook.com\/karletonmx","https:\/\/x.com\/KarletonPVC","https:\/\/www.instagram.com\/karletonpvc"]}]}},"_links":{"self":[{"href":"https:\/\/karleton.com.mx\/a\/wp-json\/wp\/v2\/pages\/94947","targetHints":{"allow":["GET"]}}],"collection":[{"href":"https:\/\/karleton.com.mx\/a\/wp-json\/wp\/v2\/pages"}],"about":[{"href":"https:\/\/karleton.com.mx\/a\/wp-json\/wp\/v2\/types\/page"}],"author":[{"embeddable":true,"href":"https:\/\/karleton.com.mx\/a\/wp-json\/wp\/v2\/users\/1"}],"replies":[{"embeddable":true,"href":"https:\/\/karleton.com.mx\/a\/wp-json\/wp\/v2\/comments?post=94947"}],"version-history":[{"count":5,"href":"https:\/\/karleton.com.mx\/a\/wp-json\/wp\/v2\/pages\/94947\/revisions"}],"predecessor-version":[{"id":100552,"href":"https:\/\/karleton.com.mx\/a\/wp-json\/wp\/v2\/pages\/94947\/revisions\/100552"}],"wp:attachment":[{"href":"https:\/\/karleton.com.mx\/a\/wp-json\/wp\/v2\/media?parent=94947"}],"curies":[{"name":"wp","href":"https:\/\/api.w.org\/{rel}","templated":true}]}}